{"id":13181,"date":"2022-07-03T09:51:31","date_gmt":"2022-07-03T09:51:31","guid":{"rendered":"https:\/\/geomag-dz.com\/?page_id=13181"},"modified":"2022-07-03T09:52:25","modified_gmt":"2022-07-03T09:52:25","slug":"devis","status":"publish","type":"page","link":"https:\/\/geomag-dz.com\/en\/devis\/","title":{"rendered":"devis"},"content":{"rendered":"<form class=\"wpuf-form-add weforms-8531  wpuf-style\" action=\"\" method=\"post\"   id=\"\" data-trp-original-action=\"\">\r\n\r\n            <ul class=\"wpuf-form form-label-above\">\r\n\r\n                        <li class=\"wpuf-el nom___pr_nom_ field-size-large\" data-label=\"Nom &amp; Pr\u00e9nom \">\r\n                    <div class=\"wpuf-label\">\r\n            <label for=\"nom___pr_nom__8531\">Nom &amp; Pr\u00e9nom  <span class=\"required\">*<\/span><\/label>\r\n        <\/div>\r\n        \r\n            <div class=\"wpuf-fields\">\r\n                <input\r\n                    class=\"textfield wpuf_nom___pr_nom__8531\"\r\n                    id=\"nom___pr_nom__8531\"\r\n                    type=\"text\"\r\n                    data-duplicate=\"no\"\r\n                    data-required=\"yes\"\r\n                    data-type=\"text\" name=\"nom___pr_nom_\"\r\n                    placeholder=\"\"\r\n                    value=\"\"\r\n                    size=\"40\"\r\n                    data-style=\"wpuf-style\"\r\n                \/>\r\n\r\n                <span class=\"wpuf-wordlimit-message wpuf-help\"><\/span>\r\n                            <\/div>\r\n                    <\/li>\r\n                <li class=\"wpuf-el nom_de_l_entreprise field-size-large\" data-label=\"Nom de l&#039;entreprise\">\r\n                    <div class=\"wpuf-label\">\r\n            <label for=\"nom_de_l_entreprise_8531\">Nom de l&#039;entreprise <span class=\"required\">*<\/span><\/label>\r\n        <\/div>\r\n        \r\n            <div class=\"wpuf-fields\">\r\n                <input\r\n                    class=\"textfield wpuf_nom_de_l_entreprise_8531\"\r\n                    id=\"nom_de_l_entreprise_8531\"\r\n                    type=\"text\"\r\n                    data-duplicate=\"no\"\r\n                    data-required=\"yes\"\r\n                    data-type=\"text\" name=\"nom_de_l_entreprise\"\r\n                    placeholder=\"\"\r\n                    value=\"\"\r\n                    size=\"40\"\r\n                    data-style=\"wpuf-style\"\r\n                \/>\r\n\r\n                <span class=\"wpuf-wordlimit-message wpuf-help\"><\/span>\r\n                            <\/div>\r\n                    <\/li>\r\n                <li class=\"wpuf-el fonction field-size-large\" data-label=\"Fonction\">\r\n                    <div class=\"wpuf-label\">\r\n            <label for=\"fonction_8531\">Fonction<\/label>\r\n        <\/div>\r\n        \r\n            <div class=\"wpuf-fields\">\r\n                <input\r\n                    class=\"textfield wpuf_fonction_8531\"\r\n                    id=\"fonction_8531\"\r\n                    type=\"text\"\r\n                    data-duplicate=\"no\"\r\n                    data-required=\"no\"\r\n                    data-type=\"text\" name=\"fonction\"\r\n                    placeholder=\"\"\r\n                    value=\"\"\r\n                    size=\"40\"\r\n                    data-style=\"wpuf-style\"\r\n                \/>\r\n\r\n                <span class=\"wpuf-wordlimit-message wpuf-help\"><\/span>\r\n                            <\/div>\r\n                    <\/li>\r\n                <li class=\"wpuf-el adresse_e_mail field-size-large\" data-label=\"Adresse E-mail\">\r\n                    <div class=\"wpuf-label\">\r\n            <label for=\"adresse_e_mail_8531\">Adresse E-mail <span class=\"required\">*<\/span><\/label>\r\n        <\/div>\r\n        \r\n            <div class=\"wpuf-fields\">\r\n                <input\r\n                    id=\"adresse_e_mail_8531\"\r\n                    type=\"email\"\r\n                    class=\"email  wpuf_adresse_e_mail_8531\"\r\n                    data-duplicate=\"\"\r\n                    data-required=\"yes\"\r\n                    data-type=\"email\"\r\n                    data-style=\"wpuf-style\"\r\n                    name=\"adresse_e_mail\"\r\n                    placeholder=\"\"\r\n                    value=\"\"\r\n                    size=\"40\"\r\n                    autocomplete=\"email\"\r\n                \/>\r\n                            <\/div>\r\n        <\/li>\r\n                <li class=\"wpuf-el num_ro_t_l_phone field-size-large\" data-label=\"Num\u00e9ro t\u00e9l\u00e9phone\">\r\n                    <div class=\"wpuf-label\">\r\n            <label for=\"num_ro_t_l_phone_8531\">Num\u00e9ro t\u00e9l\u00e9phone <span class=\"required\">*<\/span><\/label>\r\n        <\/div>\r\n        \r\n            <div class=\"wpuf-fields\">\r\n                <input\r\n                    class=\"textfield wpuf_num_ro_t_l_phone_8531\"\r\n                    id=\"num_ro_t_l_phone_8531\"\r\n                    type=\"text\"\r\n                    data-duplicate=\"no\"\r\n                    data-required=\"yes\"\r\n                    data-type=\"text\" name=\"num_ro_t_l_phone\"\r\n                    placeholder=\"\"\r\n                    value=\"\"\r\n                    size=\"40\"\r\n                    data-style=\"wpuf-style\"\r\n                \/>\r\n\r\n                <span class=\"wpuf-wordlimit-message wpuf-help\"><\/span>\r\n                            <\/div>\r\n                    <\/li>\r\n                <li class=\"wpuf-el votre_demande_concerne_ field-size-large\" data-label=\"Votre demande concerne \">\n                    <div class=\"wpuf-label\">\r\n            <label for=\"votre_demande_concerne__8531\">Votre demande concerne <\/label>\r\n        <\/div>\r\n        \n                        <div class=\"wpuf-fields\" data-required=\"no\" data-type=\"radio\">\n\n                                        <label class=\"wpuf-checkbox-block\">\n                            <input type=\"checkbox\" class=\"wpuf_votre_demande_concerne__8531\" name=\"votre_demande_concerne_[]\" value=\"geomag\" \/>\n                            GEOMAG                        <\/label>\n                                                <label class=\"wpuf-checkbox-block\">\n                            <input type=\"checkbox\" class=\"wpuf_votre_demande_concerne__8531\" name=\"votre_demande_concerne_[]\" value=\"geolab\" \/>\n                            GEOLAB                        <\/label>\n                                                <label class=\"wpuf-checkbox-block\">\n                            <input type=\"checkbox\" class=\"wpuf_votre_demande_concerne__8531\" name=\"votre_demande_concerne_[]\" value=\"geoenv\" \/>\n                            GEOENV                        <\/label>\n                        \n                \n            <\/div>\n        <\/li>\n                <li class=\"wpuf-el votre_message field-size-large\" data-label=\"Votre message\">\r\n                    <div class=\"wpuf-label\">\r\n            <label for=\"votre_message_8531\">Votre message <span class=\"required\">*<\/span><\/label>\r\n        <\/div>\r\n                                    <div class=\"wpuf-fields\">\r\n            \r\n                                    <textarea\r\n                        class=\"textareafield  wpuf_votre_message_8531\"\r\n                        id=\"votre_message_8531\"\r\n                        name=\"votre_message\"\r\n                        data-required=\"yes\"\r\n                        data-type=\"textarea\"\r\n                        placeholder=\"\"\r\n                        rows=\"5\"\r\n                        cols=\"25\"\r\n                        data-style=\"wpuf-style\"\r\n                    ><\/textarea>\r\n                    <span class=\"wpuf-wordlimit-message wpuf-help\"><\/span>\r\n\r\n                \r\n                        <\/div><\/li>\r\n                <li class=\"wpuf-submit\">\r\n            <div class=\"wpuf-label\">\r\n                &nbsp;\r\n            <\/div>\r\n\r\n            <input type=\"hidden\" id=\"_wpnonce\" name=\"_wpnonce\" value=\"b4701c05cc\" \/><input type=\"hidden\" name=\"_wp_http_referer\" value=\"\/en\/wp-json\/wp\/v2\/pages\/13181\" \/>\r\n            <input type=\"hidden\" name=\"form_id\" value=\"8531\">\r\n            <input type=\"hidden\" name=\"page_id\" value=\"13181\">\r\n            <input type=\"hidden\" name=\"action\" value=\"weforms_frontend_submit\">\r\n\r\n                            <input type=\"hidden\" name=\"weforms-front-report\" value=\"no\">\r\n            \r\n                        <input type=\"hidden\" name=\"weforms-front-quiz\" value=\"no\">\n        \r\n                            <input type=\"submit\" class=\"weforms_submit_btn wpuf_submit_8531\" name=\"submit\" value=\"Demandez votre devis \" \/>\r\n                    <\/li>\r\n                <\/ul>\r\n\r\n        <input type=\"hidden\" name=\"trp-form-language\" value=\"en\"\/><\/form>","protected":false},"excerpt":{"rendered":"","protected":false},"author":2,"featured_media":0,"parent":0,"menu_order":0,"comment_status":"closed","ping_status":"closed","template":"","meta":{"footnotes":""},"class_list":["post-13181","page","type-page","status-publish","hentry"],"_links":{"self":[{"href":"https:\/\/geomag-dz.com\/en\/wp-json\/wp\/v2\/pages\/13181","targetHints":{"allow":["GET"]}}],"collection":[{"href":"https:\/\/geomag-dz.com\/en\/wp-json\/wp\/v2\/pages"}],"about":[{"href":"https:\/\/geomag-dz.com\/en\/wp-json\/wp\/v2\/types\/page"}],"author":[{"embeddable":true,"href":"https:\/\/geomag-dz.com\/en\/wp-json\/wp\/v2\/users\/2"}],"replies":[{"embeddable":true,"href":"https:\/\/geomag-dz.com\/en\/wp-json\/wp\/v2\/comments?post=13181"}],"version-history":[{"count":2,"href":"https:\/\/geomag-dz.com\/en\/wp-json\/wp\/v2\/pages\/13181\/revisions"}],"predecessor-version":[{"id":13201,"href":"https:\/\/geomag-dz.com\/en\/wp-json\/wp\/v2\/pages\/13181\/revisions\/13201"}],"wp:attachment":[{"href":"https:\/\/geomag-dz.com\/en\/wp-json\/wp\/v2\/media?parent=13181"}],"curies":[{"name":"wp","href":"https:\/\/api.w.org\/{rel}","templated":true}]}}