{"id":13311,"date":"2022-07-03T10:22:55","date_gmt":"2022-07-03T10:22:55","guid":{"rendered":"https:\/\/geomag-dz.com\/?page_id=13311"},"modified":"2022-07-03T10:22:55","modified_gmt":"2022-07-03T10:22:55","slug":"postuler","status":"publish","type":"page","link":"https:\/\/geomag-dz.com\/en\/postuler\/","title":{"rendered":"Postuler"},"content":{"rendered":"<form class=\"wpuf-form-add weforms-13321  wpuf-style\" action=\"\" method=\"post\"   id=\"\" data-trp-original-action=\"\">\r\n\r\n            <ul class=\"wpuf-form form-label-above\">\r\n\r\n                        <li class=\"wpuf-el nom___pr_nom field-size-large\" data-label=\"Nom &amp; pr\u00e9nom\">\r\n                    <div class=\"wpuf-label\">\r\n            <label for=\"nom___pr_nom_13321\">Nom &amp; pr\u00e9nom<\/label>\r\n        <\/div>\r\n        \r\n            <div class=\"wpuf-fields\">\r\n                <input\r\n                    class=\"textfield wpuf_nom___pr_nom_13321\"\r\n                    id=\"nom___pr_nom_13321\"\r\n                    type=\"text\"\r\n                    data-duplicate=\"no\"\r\n                    data-required=\"no\"\r\n                    data-type=\"text\" name=\"nom___pr_nom\"\r\n                    placeholder=\"\"\r\n                    value=\"\"\r\n                    size=\"40\"\r\n                    data-style=\"wpuf-style\"\r\n                \/>\r\n\r\n                <span class=\"wpuf-wordlimit-message wpuf-help\"><\/span>\r\n                            <\/div>\r\n                    <\/li>\r\n                <li class=\"wpuf-el num_ro_t_l_phone_ field-size-large\" data-label=\"Num\u00e9ro t\u00e9l\u00e9phone \">\r\n                    <div class=\"wpuf-label\">\r\n            <label for=\"num_ro_t_l_phone__13321\">Num\u00e9ro t\u00e9l\u00e9phone <\/label>\r\n        <\/div>\r\n        \r\n            <div class=\"wpuf-fields\">\r\n                <input\r\n                    class=\"textfield wpuf_num_ro_t_l_phone__13321\"\r\n                    id=\"num_ro_t_l_phone__13321\"\r\n                    type=\"text\"\r\n                    data-duplicate=\"no\"\r\n                    data-required=\"no\"\r\n                    data-type=\"text\" name=\"num_ro_t_l_phone_\"\r\n                    placeholder=\"\"\r\n                    value=\"\"\r\n                    size=\"40\"\r\n                    data-style=\"wpuf-style\"\r\n                \/>\r\n\r\n                <span class=\"wpuf-wordlimit-message wpuf-help\"><\/span>\r\n                            <\/div>\r\n                    <\/li>\r\n                <li class=\"wpuf-el address_mail field-size-large\" data-label=\"Address mail\">\r\n                    <div class=\"wpuf-label\">\r\n            <label for=\"address_mail_13321\">Address mail<\/label>\r\n        <\/div>\r\n        \r\n            <div class=\"wpuf-fields\">\r\n                <input\r\n                    id=\"address_mail_13321\"\r\n                    type=\"email\"\r\n                    class=\"email  wpuf_address_mail_13321\"\r\n                    data-duplicate=\"\"\r\n                    data-required=\"no\"\r\n                    data-type=\"email\"\r\n                    data-style=\"wpuf-style\"\r\n                    name=\"address_mail\"\r\n                    placeholder=\"\"\r\n                    value=\"\"\r\n                    size=\"40\"\r\n                    autocomplete=\"email\"\r\n                \/>\r\n                            <\/div>\r\n        <\/li>\r\n                <li class=\"wpuf-el importer_votre_cv_ field-size-large\" data-label=\"importer votre cv \">\n                    <div class=\"wpuf-label\">\r\n            <label for=\"importer_votre_cv__0\">importer votre cv <\/label>\r\n        <\/div>\r\n        \n            <div class=\"wpuf-fields\">\n                <div id=\"wpuf-importer_votre_cv_-13321-upload-container\">\n                    <div class=\"wpuf-attachment-upload-filelist\" data-type=\"file\" data-required=\"no\">\n                        <a id=\"wpuf-importer_votre_cv_-13321-pickfiles\" data-form_id=\"13321\" class=\"button file-selector  wpuf_importer_votre_cv__13321\" href=\"#\">Select File(s)<\/a>\n\n                        <ul class=\"wpuf-attachment-list thumbnails\"><\/ul>\n                    <\/div>\n                <\/div><!-- .container -->\n\n                \n            <\/div> <!-- .wpuf-fields -->\n\n            <script type=\"text\/javascript\">\n                jQuery(function($) {\n                    var uploader = new WPUF_Uploader('wpuf-importer_votre_cv_-13321-pickfiles', 'wpuf-importer_votre_cv_-13321-upload-container', 1, 'importer_votre_cv_', 'jpg,jpeg,gif,png,bmp,mp3,wav,ogg,wma,mka,m4a,ra,mid,midi,avi,divx,flv,mov,ogv,mkv,mp4,m4v,divx,mpg,mpeg,mpe,pdf,doc,ppt,pps,xls,mdb,docx,xlsx,pptx,odt,odp,ods,odg,odc,odb,odf,rtf,txt,zip,gz,gzip,rar,7z,exe,csv,', 1024);\n                    wpuf_plupload_items.push(uploader);\n                });\n            <\/script>\n\n        <\/li>\n                <li class=\"wpuf-submit\">\r\n            <div class=\"wpuf-label\">\r\n                &nbsp;\r\n            <\/div>\r\n\r\n            <input type=\"hidden\" id=\"_wpnonce\" name=\"_wpnonce\" value=\"b4701c05cc\" \/><input type=\"hidden\" name=\"_wp_http_referer\" value=\"\/en\/wp-json\/wp\/v2\/pages\/13311\" \/>\r\n            <input type=\"hidden\" name=\"form_id\" value=\"13321\">\r\n            <input type=\"hidden\" name=\"page_id\" value=\"13311\">\r\n            <input type=\"hidden\" name=\"action\" value=\"weforms_frontend_submit\">\r\n\r\n                            <input type=\"hidden\" name=\"weforms-front-report\" value=\"no\">\r\n            \r\n                        <input type=\"hidden\" name=\"weforms-front-quiz\" value=\"no\">\n        \r\n                            <input type=\"submit\" class=\"weforms_submit_btn wpuf_submit_13321\" name=\"submit\" value=\"Postuler \" \/>\r\n                    <\/li>\r\n                <\/ul>\r\n\r\n        <input type=\"hidden\" name=\"trp-form-language\" value=\"en\"\/><\/form>","protected":false},"excerpt":{"rendered":"","protected":false},"author":1,"featured_media":0,"parent":0,"menu_order":0,"comment_status":"closed","ping_status":"closed","template":"","meta":{"footnotes":""},"class_list":["post-13311","page","type-page","status-publish","hentry"],"_links":{"self":[{"href":"https:\/\/geomag-dz.com\/en\/wp-json\/wp\/v2\/pages\/13311","targetHints":{"allow":["GET"]}}],"collection":[{"href":"https:\/\/geomag-dz.com\/en\/wp-json\/wp\/v2\/pages"}],"about":[{"href":"https:\/\/geomag-dz.com\/en\/wp-json\/wp\/v2\/types\/page"}],"author":[{"embeddable":true,"href":"https:\/\/geomag-dz.com\/en\/wp-json\/wp\/v2\/users\/1"}],"replies":[{"embeddable":true,"href":"https:\/\/geomag-dz.com\/en\/wp-json\/wp\/v2\/comments?post=13311"}],"version-history":[{"count":1,"href":"https:\/\/geomag-dz.com\/en\/wp-json\/wp\/v2\/pages\/13311\/revisions"}],"predecessor-version":[{"id":13371,"href":"https:\/\/geomag-dz.com\/en\/wp-json\/wp\/v2\/pages\/13311\/revisions\/13371"}],"wp:attachment":[{"href":"https:\/\/geomag-dz.com\/en\/wp-json\/wp\/v2\/media?parent=13311"}],"curies":[{"name":"wp","href":"https:\/\/api.w.org\/{rel}","templated":true}]}}