{"id":2713,"date":"2019-06-11T10:08:42","date_gmt":"2019-06-11T10:08:42","guid":{"rendered":"http:\/\/source.wpopal.com\/konstruktic\/?page_id=2713"},"modified":"2022-08-29T15:36:51","modified_gmt":"2022-08-29T14:36:51","slug":"our-history","status":"publish","type":"page","link":"https:\/\/geomag-dz.com\/en\/our-history\/","title":{"rendered":"Our history"},"content":{"rendered":"<div data-elementor-type=\"wp-post\" data-elementor-id=\"2713\" class=\"elementor elementor-2713\">\n\t\t\t\t\t\t\t\t\t<section class=\"elementor-section elementor-top-section elementor-element elementor-element-dd6681f elementor-section-boxed elementor-section-height-default elementor-section-height-default\" data-id=\"dd6681f\" data-element_type=\"section\" data-settings=\"{&quot;_ha_eqh_enable&quot;:false}\">\n\t\t\t\t\t\t<div class=\"elementor-container elementor-column-gap-default\">\n\t\t\t\t\t<div class=\"elementor-column elementor-col-100 elementor-top-column elementor-element elementor-element-029939a\" data-id=\"029939a\" data-element_type=\"column\">\n\t\t\t<div class=\"elementor-widget-wrap\">\n\t\t\t\t\t\t\t\t\t<\/div>\n\t\t<\/div>\n\t\t\t\t\t\t\t<\/div>\n\t\t<\/section>\n\t\t\t\t<section class=\"elementor-section elementor-top-section elementor-element elementor-element-ab6c72d elementor-section-boxed elementor-section-height-default elementor-section-height-default\" data-id=\"ab6c72d\" data-element_type=\"section\" data-settings=\"{&quot;_ha_eqh_enable&quot;:false}\">\n\t\t\t\t\t\t<div class=\"elementor-container elementor-column-gap-default\">\n\t\t\t\t\t<div class=\"elementor-column elementor-col-100 elementor-top-column elementor-element elementor-element-e10cd4a\" data-id=\"e10cd4a\" data-element_type=\"column\">\n\t\t\t<div class=\"elementor-widget-wrap elementor-element-populated\">\n\t\t\t\t\t\t\t\t<div class=\"elementor-element elementor-element-b99a582 elementor-align-center elementor-mobile-align-center elementor-widget elementor-widget-heading\" data-id=\"b99a582\" data-element_type=\"widget\" data-widget_type=\"heading.default\">\n\t\t\t\t<div class=\"elementor-widget-container\">\n\t\t\t<style>\/*! elementor - v3.16.0 - 09-10-2023 *\/\n.elementor-heading-title{padding:0;margin:0;line-height:1}.elementor-widget-heading .elementor-heading-title[class*=elementor-size-]>a{color:inherit;font-size:inherit;line-height:inherit}.elementor-widget-heading .elementor-heading-title.elementor-size-small{font-size:15px}.elementor-widget-heading .elementor-heading-title.elementor-size-medium{font-size:19px}.elementor-widget-heading .elementor-heading-title.elementor-size-large{font-size:29px}.elementor-widget-heading .elementor-heading-title.elementor-size-xl{font-size:39px}.elementor-widget-heading .elementor-heading-title.elementor-size-xxl{font-size:59px}<\/style><h3 class=\"elementor-heading-title elementor-size-default\">Our history<\/h3>\t\t<\/div>\n\t\t\t\t<\/div>\n\t\t\t\t<div class=\"elementor-element elementor-element-8492e8f elementor-widget elementor-widget-text-editor\" data-id=\"8492e8f\" data-element_type=\"widget\" data-widget_type=\"text-editor.default\">\n\t\t\t\t<div class=\"elementor-widget-container\">\n\t\t\t<style>\/*! elementor - v3.16.0 - 09-10-2023 *\/\n.elementor-widget-text-editor.elementor-drop-cap-view-stacked .elementor-drop-cap{background-color:#69727d;color:#fff}.elementor-widget-text-editor.elementor-drop-cap-view-framed .elementor-drop-cap{color:#69727d;border:3px solid;background-color:transparent}.elementor-widget-text-editor:not(.elementor-drop-cap-view-default) .elementor-drop-cap{margin-top:8px}.elementor-widget-text-editor:not(.elementor-drop-cap-view-default) .elementor-drop-cap-letter{width:1em;height:1em}.elementor-widget-text-editor .elementor-drop-cap{float:left;text-align:center;line-height:1;font-size:50px}.elementor-widget-text-editor .elementor-drop-cap-letter{display:inline-block}<\/style>        <div class=\"elementor-text-editor elementor-clearfix\"><p>Nous restons fid\u00e8les aux m\u00eames principes sur lesquels notre entreprise a \u00e9t\u00e9 fond\u00e9e il y a plus de 25ans : fournir un service sup\u00e9rieur \u00e0 nos clients, donner la priorit\u00e9 \u00e0 la s\u00e9curit\u00e9, cr\u00e9er des opportunit\u00e9s pour nos employ\u00e9s, fournir un travail exceptionnel.<\/p><\/div>\n        \t\t<\/div>\n\t\t\t\t<\/div>\n\t\t\t\t\t<\/div>\n\t\t<\/div>\n\t\t\t\t\t\t\t<\/div>\n\t\t<\/section>\n\t\t\t\t<section class=\"elementor-section elementor-top-section elementor-element elementor-element-9be3e45 elementor-section-boxed elementor-section-height-default elementor-section-height-default\" data-id=\"9be3e45\" data-element_type=\"section\" data-settings=\"{&quot;_ha_eqh_enable&quot;:false}\">\n\t\t\t\t\t\t<div class=\"elementor-container elementor-column-gap-default\">\n\t\t\t\t\t<div class=\"elementor-column elementor-col-100 elementor-top-column elementor-element elementor-element-5fd7dbb\" data-id=\"5fd7dbb\" data-element_type=\"column\">\n\t\t\t<div class=\"elementor-widget-wrap\">\n\t\t\t\t\t\t\t\t\t<\/div>\n\t\t<\/div>\n\t\t\t\t\t\t\t<\/div>\n\t\t<\/section>\n\t\t\t\t<section class=\"elementor-section elementor-top-section elementor-element elementor-element-51b3a9e elementor-section-boxed elementor-section-height-default elementor-section-height-default elementor-invisible\" data-id=\"51b3a9e\" data-element_type=\"section\" data-settings=\"{&quot;animation&quot;:&quot;fadeInUp&quot;,&quot;_ha_eqh_enable&quot;:false}\">\n\t\t\t\t\t\t<div class=\"elementor-container elementor-column-gap-no\">\n\t\t\t\t\t<div class=\"elementor-column elementor-col-100 elementor-top-column elementor-element elementor-element-a719fb9\" data-id=\"a719fb9\" data-element_type=\"column\">\n\t\t\t<div class=\"elementor-widget-wrap elementor-element-populated\">\n\t\t\t\t\t\t\t\t<div class=\"elementor-element elementor-element-f00e32c elementor-timeline-view-vertical elementor-button-primary elementor-invisible elementor-widget elementor-widget-opal-timeline\" data-id=\"f00e32c\" data-element_type=\"widget\" data-settings=\"{&quot;_animation&quot;:&quot;fadeIn&quot;,&quot;_animation_delay&quot;:0}\" data-widget_type=\"opal-timeline.default\">\n\t\t\t\t<div class=\"elementor-widget-container\">\n\t\t\t\n        <div class=\"opal-timeline-wrapper\" data-timeline-count=\"5\">\n            <div class=\"opal-timeline\" >\n                \n                    <div class=\"timeline-item column-item timeline-item-0\">\n\n                                                    <div class=\"timeline-thumbnail timeline-animation\" data-timeline-animation=\" \">\n                                <div class=\"timeline-number-wap\">\n                                    <div class=\"timeline-number\">\n                                        <span>1997<\/span>\n                                    <\/div>\n                                <\/div>\n                                <img decoding=\"async\" src=\"https:\/\/geomag-dz.com\/wp-content\/uploads\/2022\/07\/1-1.png\" class=\"timeline-image d-block\"\n                                     alt=\"1\">\n                            <\/div>\n                        \n                        <div class=\"timeline-content timeline-animation\" data-timeline-animation=\" \">\n                                                            <h4 class=\"timeline-title\">GEOTECHNIQUE DU MAGHREB \u201cGEOMAG\u201d<\/h4>\n                            \n                                                            <div class=\"content\">\n                                    <p>Entreprise de Forage, injections et fondations sp\u00e9ciales.<\/p>                                <\/div>\n                            \n                            \n                        <\/div>\n\n                    <\/div>\n                \n                    <div class=\"timeline-item column-item timeline-item-1\">\n\n                                                    <div class=\"timeline-thumbnail timeline-animation\" data-timeline-animation=\" \">\n                                <div class=\"timeline-number-wap\">\n                                    <div class=\"timeline-number\">\n                                        <span>2010<\/span>\n                                    <\/div>\n                                <\/div>\n                                <img decoding=\"async\" src=\"https:\/\/geomag-dz.com\/wp-content\/uploads\/2022\/07\/2-1.png\" class=\"timeline-image d-block\"\n                                     alt=\"2\">\n                            <\/div>\n                        \n                        <div class=\"timeline-content timeline-animation\" data-timeline-animation=\" \">\n                                                            <h4 class=\"timeline-title\">GEOMAG LABORATOIRE <\/h4>\n                            \n                                                            <div class=\"content\">\n                                    <p>Bureau d\u2019Ing\u00e9nierie et Laboratoire d\u2019essais.<\/p><p>\u00a0<\/p>                                <\/div>\n                            \n                            \n                        <\/div>\n\n                    <\/div>\n                \n                    <div class=\"timeline-item column-item timeline-item-2\">\n\n                                                    <div class=\"timeline-thumbnail timeline-animation\" data-timeline-animation=\" \">\n                                <div class=\"timeline-number-wap\">\n                                    <div class=\"timeline-number\">\n                                        <span>2010 <\/span>\n                                    <\/div>\n                                <\/div>\n                                <img decoding=\"async\" src=\"https:\/\/geomag-dz.com\/wp-content\/uploads\/2022\/07\/3-1.png\" class=\"timeline-image d-block\"\n                                     alt=\"3\">\n                            <\/div>\n                        \n                        <div class=\"timeline-content timeline-animation\" data-timeline-animation=\" \">\n                                                            <h4 class=\"timeline-title\">GEOMAG TRAVAUX PUBLICS \u201cGEO TP\u201d <\/h4>\n                            \n                                                            <div class=\"content\">\n                                    <p>Terrassement, VRD et am\u00e9nagements de route<\/p>                                <\/div>\n                            \n                            \n                        <\/div>\n\n                    <\/div>\n                \n                    <div class=\"timeline-item column-item timeline-item-3\">\n\n                                                    <div class=\"timeline-thumbnail timeline-animation\" data-timeline-animation=\" \">\n                                <div class=\"timeline-number-wap\">\n                                    <div class=\"timeline-number\">\n                                        <span>2014<\/span>\n                                    <\/div>\n                                <\/div>\n                                <img decoding=\"async\" src=\"https:\/\/geomag-dz.com\/wp-content\/uploads\/2022\/07\/Sans-titre-2022-07-14T170625.574.png\" class=\"timeline-image d-block\"\n                                     alt=\"Sans titre - 2022-07-14T170625.574\">\n                            <\/div>\n                        \n                        <div class=\"timeline-content timeline-animation\" data-timeline-animation=\" \">\n                                                            <h4 class=\"timeline-title\">GEO ENVIRONNEMENT <\/h4>\n                            \n                                                            <div class=\"content\">\n                                    <p>Etude, Equipment &amp; R\u00e9alisation pour le traitement des eaux et environnement.<\/p>                                <\/div>\n                            \n                            \n                        <\/div>\n\n                    <\/div>\n                \n                    <div class=\"timeline-item column-item timeline-item-4\">\n\n                                                    <div class=\"timeline-thumbnail timeline-animation\" data-timeline-animation=\" \">\n                                <div class=\"timeline-number-wap\">\n                                    <div class=\"timeline-number\">\n                                        <span>2017<\/span>\n                                    <\/div>\n                                <\/div>\n                                <img decoding=\"async\" src=\"https:\/\/geomag-dz.com\/wp-content\/uploads\/2022\/07\/5-1.png\" class=\"timeline-image d-block\"\n                                     alt=\"5\">\n                            <\/div>\n                        \n                        <div class=\"timeline-content timeline-animation\" data-timeline-animation=\" \">\n                                                            <h4 class=\"timeline-title\">Rachat du bureau d\u2019\u00e9tude franco-alg\u00e9rien BAEIE <\/h4>\n                            \n                                                            <div class=\"content\">\n                                    <p>Bureau Alg\u00e9rien des Etudes d\u2019Ing\u00e9nierie et d\u2019Environnement.<\/p>                                <\/div>\n                            \n                            \n                        <\/div>\n\n                    <\/div>\n                                <span class=\"timeline-line\"><\/span>\n            <\/div>\n        <\/div>\n\n        \t\t<\/div>\n\t\t\t\t<\/div>\n\t\t\t\t\t<\/div>\n\t\t<\/div>\n\t\t\t\t\t\t\t<\/div>\n\t\t<\/section>\n\t\t\t\t<section class=\"elementor-section elementor-top-section elementor-element elementor-element-03b195e elementor-section-boxed elementor-section-height-default elementor-section-height-default\" data-id=\"03b195e\" data-element_type=\"section\" data-settings=\"{&quot;_ha_eqh_enable&quot;:false}\">\n\t\t\t\t\t\t<div class=\"elementor-container elementor-column-gap-default\">\n\t\t\t\t\t<div class=\"elementor-column elementor-col-100 elementor-top-column elementor-element elementor-element-0015931\" data-id=\"0015931\" data-element_type=\"column\">\n\t\t\t<div class=\"elementor-widget-wrap\">\n\t\t\t\t\t\t\t\t\t<\/div>\n\t\t<\/div>\n\t\t\t\t\t\t\t<\/div>\n\t\t<\/section>\n\t\t\t\t<section class=\"elementor-section elementor-top-section elementor-element elementor-element-2f220b1 elementor-section-stretched elementor-section-content-middle osf-vertical-line-active elementor-section-boxed elementor-section-height-default elementor-section-height-default\" data-id=\"2f220b1\" data-element_type=\"section\" data-settings=\"{&quot;stretch_section&quot;:&quot;section-stretched&quot;,&quot;background_background&quot;:&quot;classic&quot;,&quot;osf_section_vertical_line_switcher&quot;:&quot;active&quot;,&quot;_ha_eqh_enable&quot;:false}\">\n\t\t\t\t\t\t<div class=\"elementor-container elementor-column-gap-no\">\n\t\t\t\t\t<div class=\"elementor-column elementor-col-50 elementor-top-column elementor-element elementor-element-497aaf2\" data-id=\"497aaf2\" data-element_type=\"column\">\n\t\t\t<div class=\"elementor-widget-wrap elementor-element-populated\">\n\t\t\t\t\t\t\t\t<div class=\"elementor-element elementor-element-9ee5eff animated-fast elementor-invisible elementor-widget elementor-widget-image\" data-id=\"9ee5eff\" data-element_type=\"widget\" data-settings=\"{&quot;_animation&quot;:&quot;opal-move-up&quot;}\" data-widget_type=\"image.default\">\n\t\t\t\t<div class=\"elementor-widget-container\">\n\t\t\t<style>\/*! elementor - v3.16.0 - 09-10-2023 *\/\n.elementor-widget-image{text-align:center}.elementor-widget-image a{display:inline-block}.elementor-widget-image a img[src$=\".svg\"]{width:48px}.elementor-widget-image img{vertical-align:middle;display:inline-block}<\/style>\t\t\t\t\t\t\t\t\t\t\t\t<img loading=\"lazy\" decoding=\"async\" width=\"300\" height=\"271\" src=\"https:\/\/geomag-dz.com\/wp-content\/uploads\/2022\/05\/img_about-modifier-300x271.png\" class=\"attachment-medium size-medium wp-image-8841\" alt=\"\" srcset=\"https:\/\/geomag-dz.com\/wp-content\/uploads\/2022\/05\/img_about-modifier-300x271.png 300w, https:\/\/geomag-dz.com\/wp-content\/uploads\/2022\/05\/img_about-modifier.png 476w\" sizes=\"auto, (max-width: 300px) 100vw, 300px\" \/>\t\t\t\t\t\t\t\t\t\t\t\t\t\t\t<\/div>\n\t\t\t\t<\/div>\n\t\t\t\t\t<\/div>\n\t\t<\/div>\n\t\t\t\t<div class=\"elementor-column elementor-col-50 elementor-top-column elementor-element elementor-element-a77db8e\" data-id=\"a77db8e\" data-element_type=\"column\">\n\t\t\t<div class=\"elementor-widget-wrap elementor-element-populated\">\n\t\t\t\t\t\t\t\t<div class=\"elementor-element elementor-element-350b91c elementor-mobile-align-center animated-fast elementor-button-primary elementor-invisible elementor-widget elementor-widget-button\" data-id=\"350b91c\" data-element_type=\"widget\" data-settings=\"{&quot;_animation&quot;:&quot;opal-move-up&quot;}\" data-widget_type=\"button.default\">\n\t\t\t\t<div class=\"elementor-widget-container\">\n\t\t\t        <div class=\"elementor-button-wrapper\">\n            <a href=\"https:\/\/drive.google.com\/file\/d\/1HyPxudCMrsYLrTO0YCh1yWvUbZnj494O\/view?usp=sharing\" class=\"elementor-button-link elementor-button elementor-size-md\" role=\"button\">\n                \t\t<span class=\"elementor-button-content-wrapper\">\n\t\t\t\t\t\t<span class=\"elementor-button-icon elementor-align-icon-right\">\n\t\t\t\t\t\t\t\t\t<i class=\"opal-icon-long-arrow-right\" aria-hidden=\"true\"><\/i>\n\t\t\t\t\t\t\t<\/span>\n\t\t\t\t\t\t<span class=\"elementor-button-text\">T\u00e9l\u00e9charger notre brochure<\/span>\n\t\t<\/span>\n\t\t            <\/a>\n        <\/div>\n        \t\t<\/div>\n\t\t\t\t<\/div>\n\t\t\t\t\t<\/div>\n\t\t<\/div>\n\t\t\t\t\t\t\t<\/div>\n\t\t<\/section>\n\t\t\t\t\t\t\t<\/div>","protected":false},"excerpt":{"rendered":"<p>Notre histoire Nous restons fid\u00e8les aux m\u00eames principes sur lesquels notre entreprise a \u00e9t\u00e9 fond\u00e9e il y a plus de 25ans : fournir un service sup\u00e9rieur \u00e0 nos clients, donner la priorit\u00e9 \u00e0 la s\u00e9curit\u00e9, cr\u00e9er des opportunit\u00e9s pour nos employ\u00e9s, fournir un travail exceptionnel. 1997 GEOTECHNIQUE DU MAGHREB \u201cGEOMAG\u201d Entreprise de Forage, injections et &hellip; <\/p>\n<p class=\"link-more\"><a href=\"https:\/\/geomag-dz.com\/en\/our-history\/\" class=\"more-link\">Read More <i class=\"opal-icon-long-arrow-right\"><\/i><span class=\"screen-reader-text\"> \u00ab\u00a0Notre histoire\u00a0\u00bb<\/span><\/a><\/p>","protected":false},"author":1,"featured_media":0,"parent":0,"menu_order":0,"comment_status":"closed","ping_status":"closed","template":"page-elementor.php","meta":{"footnotes":""},"class_list":["post-2713","page","type-page","status-publish","hentry"],"_links":{"self":[{"href":"https:\/\/geomag-dz.com\/en\/wp-json\/wp\/v2\/pages\/2713","targetHints":{"allow":["GET"]}}],"collection":[{"href":"https:\/\/geomag-dz.com\/en\/wp-json\/wp\/v2\/pages"}],"about":[{"href":"https:\/\/geomag-dz.com\/en\/wp-json\/wp\/v2\/types\/page"}],"author":[{"embeddable":true,"href":"https:\/\/geomag-dz.com\/en\/wp-json\/wp\/v2\/users\/1"}],"replies":[{"embeddable":true,"href":"https:\/\/geomag-dz.com\/en\/wp-json\/wp\/v2\/comments?post=2713"}],"version-history":[{"count":173,"href":"https:\/\/geomag-dz.com\/en\/wp-json\/wp\/v2\/pages\/2713\/revisions"}],"predecessor-version":[{"id":39751,"href":"https:\/\/geomag-dz.com\/en\/wp-json\/wp\/v2\/pages\/2713\/revisions\/39751"}],"wp:attachment":[{"href":"https:\/\/geomag-dz.com\/en\/wp-json\/wp\/v2\/media?parent=2713"}],"curies":[{"name":"wp","href":"https:\/\/api.w.org\/{rel}","templated":true}]}}