{"id":4661,"date":"2022-05-09T09:24:16","date_gmt":"2022-05-09T09:24:16","guid":{"rendered":"https:\/\/geomag-dz.com\/?page_id=4661"},"modified":"2022-08-11T14:27:54","modified_gmt":"2022-08-11T13:27:54","slug":"suitedumot","status":"publish","type":"page","link":"https:\/\/geomag-dz.com\/en\/suitedumot\/","title":{"rendered":"Mot du pr\u00e9sident"},"content":{"rendered":"<div data-elementor-type=\"wp-page\" data-elementor-id=\"4661\" class=\"elementor elementor-4661\">\n\t\t\t\t\t\t\t\t\t<section class=\"elementor-section elementor-top-section elementor-element elementor-element-5a8a1830 elementor-section-full_width elementor-section-height-min-height elementor-section-height-default elementor-section-items-middle\" data-id=\"5a8a1830\" data-element_type=\"section\" data-settings=\"{&quot;_ha_eqh_enable&quot;:false}\">\n\t\t\t\t\t\t<div class=\"elementor-container elementor-column-gap-wider\">\n\t\t\t\t\t<div class=\"elementor-column elementor-col-100 elementor-top-column elementor-element elementor-element-42824237\" data-id=\"42824237\" data-element_type=\"column\">\n\t\t\t<div class=\"elementor-widget-wrap elementor-element-populated\">\n\t\t\t\t\t\t\t\t<section class=\"elementor-section elementor-inner-section elementor-element elementor-element-5c275fec elementor-section-boxed elementor-section-height-default elementor-section-height-default\" data-id=\"5c275fec\" data-element_type=\"section\" data-settings=\"{&quot;_ha_eqh_enable&quot;:false}\">\n\t\t\t\t\t\t<div class=\"elementor-container elementor-column-gap-default\">\n\t\t\t\t\t<div class=\"elementor-column elementor-col-100 elementor-inner-column elementor-element elementor-element-27800cde\" data-id=\"27800cde\" data-element_type=\"column\">\n\t\t\t<div class=\"elementor-widget-wrap elementor-element-populated\">\n\t\t\t\t\t\t\t\t<div class=\"elementor-element elementor-element-362ce43d elementor-align-center elementor-widget elementor-widget-heading\" data-id=\"362ce43d\" data-element_type=\"widget\" data-widget_type=\"heading.default\">\n\t\t\t\t<div class=\"elementor-widget-container\">\n\t\t\t<style>\/*! elementor - v3.16.0 - 09-10-2023 *\/\n.elementor-heading-title{padding:0;margin:0;line-height:1}.elementor-widget-heading .elementor-heading-title[class*=elementor-size-]>a{color:inherit;font-size:inherit;line-height:inherit}.elementor-widget-heading .elementor-heading-title.elementor-size-small{font-size:15px}.elementor-widget-heading .elementor-heading-title.elementor-size-medium{font-size:19px}.elementor-widget-heading .elementor-heading-title.elementor-size-large{font-size:29px}.elementor-widget-heading .elementor-heading-title.elementor-size-xl{font-size:39px}.elementor-widget-heading .elementor-heading-title.elementor-size-xxl{font-size:59px}<\/style><h6 class=\"elementor-heading-title elementor-size-default\">Mot du pr\u00e9sident<div data-id=\"663d60f7\" data-element_type=\"widget\" data-widget_type=\"text-editor.default\" style=\"--flex-direction: initial; --flex-wrap: initial; --justify-content: initial; --align-items: initial; --align-content: initial; --gap: initial; --flex-basis: initial; --flex-grow: initial; --flex-shrink: initial; --order: initial; --align-self: initial; flex-direction: var(--flex-direction); flex-wrap: var(--flex-wrap); -webkit-box-pack: var(--justify-content); justify-content: var(--justify-content); -webkit-box-align: var(--align-items); align-items: var(--align-items); align-content: var(--align-content); gap: var(--gap); flex-basis: var(--flex-basis); -webkit-box-flex: var(--flex-grow); flex-grow: var(--flex-grow); flex-shrink: var(--flex-shrink); -webkit-box-ordinal-group: var(--order); order: var(--order); align-self: var(--align-self); --widgets-spacing:20px; color: rgb(118, 132, 146); font-family: var( --e-global-typography-text-font-family ), Sans-serif; font-weight: 400; width: 585px; font-size: 18px; letter-spacing: normal; white-space: normal;\"><div><\/div><\/div><\/h6>\t\t<\/div>\n\t\t\t\t<\/div>\n\t\t\t\t<div class=\"elementor-element elementor-element-10e75c4 elementor-align-center elementor-widget elementor-widget-heading\" data-id=\"10e75c4\" data-element_type=\"widget\" data-widget_type=\"heading.default\">\n\t\t\t\t<div class=\"elementor-widget-container\">\n\t\t\t<h6 class=\"elementor-heading-title elementor-size-default\">REHAILIA Chaouki Bik\nPr\u00e9sident Directeur G\u00e9n\u00e9ral<\/h6>\t\t<\/div>\n\t\t\t\t<\/div>\n\t\t\t\t\t<\/div>\n\t\t<\/div>\n\t\t\t\t\t\t\t<\/div>\n\t\t<\/section>\n\t\t\t\t\t<\/div>\n\t\t<\/div>\n\t\t\t\t\t\t\t<\/div>\n\t\t<\/section>\n\t\t\t\t<section class=\"elementor-section elementor-top-section elementor-element elementor-element-c9cd5c3 elementor-section-boxed elementor-section-height-default elementor-section-height-default\" data-id=\"c9cd5c3\" data-element_type=\"section\" data-settings=\"{&quot;_ha_eqh_enable&quot;:false}\">\n\t\t\t\t\t\t<div class=\"elementor-container elementor-column-gap-default\">\n\t\t\t\t\t<div class=\"elementor-column elementor-col-50 elementor-top-column elementor-element elementor-element-502d1c5\" data-id=\"502d1c5\" data-element_type=\"column\">\n\t\t\t<div class=\"elementor-widget-wrap elementor-element-populated\">\n\t\t\t\t\t\t\t\t<div class=\"elementor-element elementor-element-16e4e31e elementor-widget elementor-widget-image\" data-id=\"16e4e31e\" data-element_type=\"widget\" data-widget_type=\"image.default\">\n\t\t\t\t<div class=\"elementor-widget-container\">\n\t\t\t<style>\/*! elementor - v3.16.0 - 09-10-2023 *\/\n.elementor-widget-image{text-align:center}.elementor-widget-image a{display:inline-block}.elementor-widget-image a img[src$=\".svg\"]{width:48px}.elementor-widget-image img{vertical-align:middle;display:inline-block}<\/style>\t\t\t\t\t\t\t\t\t\t\t\t<img loading=\"lazy\" decoding=\"async\" width=\"600\" height=\"700\" src=\"https:\/\/geomag-dz.com\/wp-content\/uploads\/2022\/07\/Sans-titre-878x1024.png\" class=\"attachment-large size-large wp-image-21361\" alt=\"\" srcset=\"https:\/\/geomag-dz.com\/wp-content\/uploads\/2022\/07\/Sans-titre-878x1024.png 878w, https:\/\/geomag-dz.com\/wp-content\/uploads\/2022\/07\/Sans-titre-257x300.png 257w, https:\/\/geomag-dz.com\/wp-content\/uploads\/2022\/07\/Sans-titre-768x895.png 768w, https:\/\/geomag-dz.com\/wp-content\/uploads\/2022\/07\/Sans-titre-1317x1536.png 1317w, https:\/\/geomag-dz.com\/wp-content\/uploads\/2022\/07\/Sans-titre-700x816.png 700w, https:\/\/geomag-dz.com\/wp-content\/uploads\/2022\/07\/Sans-titre.png 1458w\" sizes=\"auto, (max-width: 600px) 100vw, 600px\" \/>\t\t\t\t\t\t\t\t\t\t\t\t\t\t\t<\/div>\n\t\t\t\t<\/div>\n\t\t\t\t\t<\/div>\n\t\t<\/div>\n\t\t\t\t<div class=\"elementor-column elementor-col-50 elementor-top-column elementor-element elementor-element-51f1d21\" data-id=\"51f1d21\" data-element_type=\"column\">\n\t\t\t<div class=\"elementor-widget-wrap elementor-element-populated\">\n\t\t\t\t\t\t\t\t<div class=\"elementor-element elementor-element-d661272 elementor-widget elementor-widget-text-editor\" data-id=\"d661272\" data-element_type=\"widget\" data-widget_type=\"text-editor.default\">\n\t\t\t\t<div class=\"elementor-widget-container\">\n\t\t\t<style>\/*! elementor - v3.16.0 - 09-10-2023 *\/\n.elementor-widget-text-editor.elementor-drop-cap-view-stacked .elementor-drop-cap{background-color:#69727d;color:#fff}.elementor-widget-text-editor.elementor-drop-cap-view-framed .elementor-drop-cap{color:#69727d;border:3px solid;background-color:transparent}.elementor-widget-text-editor:not(.elementor-drop-cap-view-default) .elementor-drop-cap{margin-top:8px}.elementor-widget-text-editor:not(.elementor-drop-cap-view-default) .elementor-drop-cap-letter{width:1em;height:1em}.elementor-widget-text-editor .elementor-drop-cap{float:left;text-align:center;line-height:1;font-size:50px}.elementor-widget-text-editor .elementor-drop-cap-letter{display:inline-block}<\/style>        <div class=\"elementor-text-editor elementor-clearfix\"><p>\u00ab Le Groupe GEOMAG r\u00e9unit cinq entreprises dans divers domaines d\u2019activit\u00e9s strat\u00e9giques et compl\u00e9mentaires.<br \/>Apr\u00e8s avoir exerc\u00e9 pendant plusieurs ann\u00e9es \u00e0 l\u2019international notamment sur les barrages, Mr REHAILIA Chaouki Bik, ing\u00e9nieur en g\u00e9nie civil, d\u00e9cide de fonder en 1997 la SARL GEOMAG, sp\u00e9cialis\u00e9e dans les forages, injections et fondations sp\u00e9ciales. La cr\u00e9ation d\u2019une entreprise dans son pays natal et dans un domaine aussi strat\u00e9gique \u00e9tait une \u00e9vidence.<br \/>Cette ann\u00e9e \u2013 2022 &#8211; GEOMAG totalise 25 ann\u00e9es d\u2019existence. Un long chemin fut parcouru depuis et ces derni\u00e8res ann\u00e9es furent emplies de beaux projets, de r\u00e9alisations, de collaborations et surtout d\u2019un d\u00e9veloppement continue.<\/p><p>25 ann\u00e9es de pr\u00e9sence en Alg\u00e9rie en qualit\u00e9 d\u2019acteur majeur et performant dans la r\u00e9alisation de grands travaux dans le domaine de l\u2019Hydraulique et des Travaux Publics.<br \/>25 ann\u00e9es de comp\u00e9tence et de capacit\u00e9 av\u00e9r\u00e9es qui ont permis \u00e0 notre entreprise de participer \u00e0 la r\u00e9alisation de grands ouvrages ; consacrant au pays une action permanente dans le d\u00e9veloppement et le progr\u00e8s \u00e9conomique.<\/p><p>En d\u00e9pit du ph\u00e9nom\u00e8ne invisible et inattendu du coronavirus qui a frapp\u00e9 l\u2019ensemble de l\u2019\u00e9conomie mondiale et alg\u00e9rienne, en ralentissant notre rythme dans un \u00e9lan d\u00e9j\u00e0 acquis, nous avons su surmonter tous les obstacles pour conduire \u00e0 terme tous nos chantiers.<\/p><p>Entour\u00e9 d\u2019une dynamique \u00e9quipe \u2013 technique et administrative \u2013 a su maintenir le cap avec des collaborateurs capables de relever le d\u00e9fi pour faire du Groupe GEOMAG un fleuron dans un pays qui aspire \u00e0 devenir un mod\u00e8le et un exemple dans un monde o\u00f9 la comp\u00e9tition incite au savoir-faire et \u00e0 la performance.<\/p><\/div>\n        \t\t<\/div>\n\t\t\t\t<\/div>\n\t\t\t\t\t<\/div>\n\t\t<\/div>\n\t\t\t\t\t\t\t<\/div>\n\t\t<\/section>\n\t\t\t\t<section class=\"elementor-section elementor-top-section elementor-element elementor-element-32570cb elementor-section-boxed elementor-section-height-default elementor-section-height-default\" data-id=\"32570cb\" data-element_type=\"section\" data-settings=\"{&quot;_ha_eqh_enable&quot;:false}\">\n\t\t\t\t\t\t<div class=\"elementor-container elementor-column-gap-default\">\n\t\t\t\t\t<div class=\"elementor-column elementor-col-100 elementor-top-column elementor-element elementor-element-ee05755\" data-id=\"ee05755\" data-element_type=\"column\">\n\t\t\t<div class=\"elementor-widget-wrap elementor-element-populated\">\n\t\t\t\t\t\t\t\t<div class=\"elementor-element elementor-element-756737d elementor-widget elementor-widget-text-editor\" data-id=\"756737d\" data-element_type=\"widget\" data-widget_type=\"text-editor.default\">\n\t\t\t\t<div class=\"elementor-widget-container\">\n\t\t\t        <div class=\"elementor-text-editor elementor-clearfix\"><p><br \/>Notre v\u0153u le plus honn\u00eate, le plus sinc\u00e8re et le plus d\u00e9termin\u00e9, est de souscrire \u00e0 tous les rendez vous dans la construction du pays dans les secteurs qui nous sont appropri\u00e9s et de permettre \u00e0 notre groupe d\u2019\u00eatre cit\u00e9 parmi les meilleurs.<br \/>Heureux anniversaire \u00e0 notre entreprise et f\u00e9licitations \u00e0 son potentiel humain, son encadrement par des femmes et des hommes qui sont en droit de partager la fiert\u00e9 d\u2019un acteur impliqu\u00e9 dans la concr\u00e9tisation de grands projets pour faire de l\u2019Alg\u00e9rie un pays comp\u00e9titif et exemplaire dans le concert des nations. \u00bb<\/p><\/div>\n        \t\t<\/div>\n\t\t\t\t<\/div>\n\t\t\t\t\t<\/div>\n\t\t<\/div>\n\t\t\t\t\t\t\t<\/div>\n\t\t<\/section>\n\t\t\t\t\t\t\t<\/div>","protected":false},"excerpt":{"rendered":"<p>Mot du pr\u00e9sident REHAILIA Chaouki Bik Pr\u00e9sident Directeur G\u00e9n\u00e9ral \u00ab Le Groupe GEOMAG r\u00e9unit cinq entreprises dans divers domaines d\u2019activit\u00e9s strat\u00e9giques et compl\u00e9mentaires.Apr\u00e8s avoir exerc\u00e9 pendant plusieurs ann\u00e9es \u00e0 l\u2019international notamment sur les barrages, Mr REHAILIA Chaouki Bik, ing\u00e9nieur en g\u00e9nie civil, d\u00e9cide de fonder en 1997 la SARL GEOMAG, sp\u00e9cialis\u00e9e dans les forages, injections &hellip; <\/p>\n<p class=\"link-more\"><a href=\"https:\/\/geomag-dz.com\/en\/suitedumot\/\" class=\"more-link\">Read More <i class=\"opal-icon-long-arrow-right\"><\/i><span class=\"screen-reader-text\"> \u00ab\u00a0Mot du pr\u00e9sident\u00a0\u00bb<\/span><\/a><\/p>","protected":false},"author":1,"featured_media":0,"parent":0,"menu_order":0,"comment_status":"closed","ping_status":"closed","template":"elementor_header_footer","meta":{"footnotes":""},"class_list":["post-4661","page","type-page","status-publish","hentry"],"_links":{"self":[{"href":"https:\/\/geomag-dz.com\/en\/wp-json\/wp\/v2\/pages\/4661","targetHints":{"allow":["GET"]}}],"collection":[{"href":"https:\/\/geomag-dz.com\/en\/wp-json\/wp\/v2\/pages"}],"about":[{"href":"https:\/\/geomag-dz.com\/en\/wp-json\/wp\/v2\/types\/page"}],"author":[{"embeddable":true,"href":"https:\/\/geomag-dz.com\/en\/wp-json\/wp\/v2\/users\/1"}],"replies":[{"embeddable":true,"href":"https:\/\/geomag-dz.com\/en\/wp-json\/wp\/v2\/comments?post=4661"}],"version-history":[{"count":50,"href":"https:\/\/geomag-dz.com\/en\/wp-json\/wp\/v2\/pages\/4661\/revisions"}],"predecessor-version":[{"id":25371,"href":"https:\/\/geomag-dz.com\/en\/wp-json\/wp\/v2\/pages\/4661\/revisions\/25371"}],"wp:attachment":[{"href":"https:\/\/geomag-dz.com\/en\/wp-json\/wp\/v2\/media?parent=4661"}],"curies":[{"name":"wp","href":"https:\/\/api.w.org\/{rel}","templated":true}]}}