{"id":7081,"date":"2022-05-16T13:24:12","date_gmt":"2022-05-16T13:24:12","guid":{"rendered":"https:\/\/geomag-dz.com\/?page_id=7081"},"modified":"2022-05-16T13:29:44","modified_gmt":"2022-05-16T13:29:44","slug":"nos-projets","status":"publish","type":"page","link":"https:\/\/geomag-dz.com\/en\/nos-projets\/","title":{"rendered":"Nos projets"},"content":{"rendered":"<div data-elementor-type=\"wp-page\" data-elementor-id=\"7081\" class=\"elementor elementor-7081\">\n\t\t\t\t\t\t\t\t\t<section class=\"elementor-section elementor-top-section elementor-element elementor-element-a415d9d elementor-section-stretched elementor-section-boxed elementor-section-height-default elementor-section-height-default\" data-id=\"a415d9d\" data-element_type=\"section\" data-settings=\"{&quot;stretch_section&quot;:&quot;section-stretched&quot;,&quot;_ha_eqh_enable&quot;:false}\">\n\t\t\t\t\t\t<div class=\"elementor-container elementor-column-gap-default\">\n\t\t\t\t\t<div class=\"elementor-column elementor-col-100 elementor-top-column elementor-element elementor-element-a11a65c\" data-id=\"a11a65c\" data-element_type=\"column\">\n\t\t\t<div class=\"elementor-widget-wrap elementor-element-populated\">\n\t\t\t\t\t\t\t\t<div class=\"elementor-element elementor-element-79bee82 elementor-align-center animated-fast elementor-invisible elementor-widget elementor-widget-heading\" data-id=\"79bee82\" data-element_type=\"widget\" data-settings=\"{&quot;_animation&quot;:&quot;opal-move-up&quot;}\" data-widget_type=\"heading.default\">\n\t\t\t\t<div class=\"elementor-widget-container\">\n\t\t\t<style>\/*! elementor - v3.16.0 - 09-10-2023 *\/\n.elementor-heading-title{padding:0;margin:0;line-height:1}.elementor-widget-heading .elementor-heading-title[class*=elementor-size-]>a{color:inherit;font-size:inherit;line-height:inherit}.elementor-widget-heading .elementor-heading-title.elementor-size-small{font-size:15px}.elementor-widget-heading .elementor-heading-title.elementor-size-medium{font-size:19px}.elementor-widget-heading .elementor-heading-title.elementor-size-large{font-size:29px}.elementor-widget-heading .elementor-heading-title.elementor-size-xl{font-size:39px}.elementor-widget-heading .elementor-heading-title.elementor-size-xxl{font-size:59px}<\/style><span class=\"sub-title\">Nos projects<\/span><h2 class=\"elementor-heading-title elementor-size-default\">Derniers projets GEOMAG<\/h2>\t\t<\/div>\n\t\t\t\t<\/div>\n\t\t\t\t<div class=\"elementor-element elementor-element-bbb98f7 elementor-widget elementor-widget-opal-featured-box\" data-id=\"bbb98f7\" data-element_type=\"widget\" data-settings=\"{&quot;columns&quot;:&quot;2&quot;,&quot;columns_tablet&quot;:&quot;2&quot;,&quot;columns_mobile&quot;:&quot;1&quot;}\" data-widget_type=\"opal-featured-box.default\">\n\t\t\t\t<div class=\"elementor-widget-container\">\n\t\t\t        <div class=\"elementor-featured-box-wrapper layout_3\">\n            <div class=\"row owl-carousel owl-theme\" data-settings=\"{&quot;navigation&quot;:&quot;dots&quot;,&quot;autoplayHoverPause&quot;:&quot;true&quot;,&quot;autoplay&quot;:&quot;false&quot;,&quot;autoplayTimeout&quot;:null,&quot;items&quot;:&quot;2&quot;,&quot;items_tablet&quot;:&quot;2&quot;,&quot;items_mobile&quot;:&quot;1&quot;,&quot;loop&quot;:&quot;true&quot;}\">\n                                    <div class=\"elementor-featured-box-item column-item\">\n                                \n        \n                    <div class=\"elementor-featured-box-meta-inner\">\n                <div class=\"elementor-featured-box-image\">\n                    <img decoding=\"async\" src=\"https:\/\/geomag-dz.com\/wp-content\/uploads\/2022\/04\/Sans-titre-2022-04-28T141959.340.png\" title=\"Sans titre &#8211; 2022-04-28T141959.340\" alt=\"Sans titre - 2022-04-28T141959.340\" loading=\"lazy\" \/>                <\/div>\n                <div class=\"elementor-featured-box-content\">\n                                        <div class=\"elementor-featured-box-name\"><a href=\"https:\/\/geomag-dz.com\/en\/portfolio\/confortement-des-fondations-du-bac-t02-b-dans-la-zone-industrielle-darzew\/\">Confortement des fondations<\/a><\/div>\n                    <div class=\"elementor-featured-box-description\">Confortement des fondations du bac T02-B dans la zone industrielle d\u2019Arzew<\/div>\n\n                <\/div>\n            <\/div>\n        \n        \n        \n                            <\/div>\n                                    <div class=\"elementor-featured-box-item column-item\">\n                                \n        \n                    <div class=\"elementor-featured-box-meta-inner\">\n                <div class=\"elementor-featured-box-image\">\n                    <img decoding=\"async\" src=\"https:\/\/geomag-dz.com\/wp-content\/uploads\/2022\/04\/Sans-titre-2022-04-28T142245.074.png\" title=\"Sans titre &#8211; 2022-04-28T142245.074\" alt=\"Sans titre - 2022-04-28T142245.074\" loading=\"lazy\" \/>                <\/div>\n                <div class=\"elementor-featured-box-content\">\n                                        <div class=\"elementor-featured-box-name\"><a href=\"https:\/\/geomag-dz.com\/en\/portfolio\/travaux-preparatoire-ensemble-de-bureaux-bab-ezzouar\/\">Travaux Pr\u00e9paratoire<\/a><\/div>\n                    <div class=\"elementor-featured-box-description\">Travaux Pr\u00e9paratoire \/ Ensemble de Bureaux Bab Ezzouar \u2013 Alger <\/div>\n\n                <\/div>\n            <\/div>\n        \n        \n        \n                            <\/div>\n                                    <div class=\"elementor-featured-box-item column-item\">\n                                \n        \n                    <div class=\"elementor-featured-box-meta-inner\">\n                <div class=\"elementor-featured-box-image\">\n                    <img decoding=\"async\" src=\"https:\/\/geomag-dz.com\/wp-content\/uploads\/2022\/04\/Sans-titre-2022-04-28T143419.904.png\" title=\"Sans titre &#8211; 2022-04-28T143419.904\" alt=\"Sans titre - 2022-04-28T143419.904\" loading=\"lazy\" \/>                <\/div>\n                <div class=\"elementor-featured-box-content\">\n                                        <div class=\"elementor-featured-box-name\"><a href=\"https:\/\/geomag-dz.com\/en\/portfolio\/projet-realisation-des-travaux-de-forage-et-injection-du-barrage-de-souk-nleta-w-tizi-ouzou\/\">R\u00e9alisation des Travaux de Forage et Injection <\/a><\/div>\n                    <div class=\"elementor-featured-box-description\">R\u00e9alisation des Travaux de Forage et Injection du Barrage de Souk Nleta W, Tizi Ouzou <\/div>\n\n                <\/div>\n            <\/div>\n        \n        \n        \n                            <\/div>\n                                    <div class=\"elementor-featured-box-item column-item\">\n                                \n        \n                    <div class=\"elementor-featured-box-meta-inner\">\n                <div class=\"elementor-featured-box-image\">\n                    <img decoding=\"async\" src=\"https:\/\/geomag-dz.com\/wp-content\/uploads\/2022\/05\/Geo-Mag-Masara-11-scaled.jpg\" title=\"Geo Mag Masara (11)\" alt=\"Geo Mag Masara (11)\" loading=\"lazy\" \/>                <\/div>\n                <div class=\"elementor-featured-box-content\">\n                                        <div class=\"elementor-featured-box-name\"><a href=\"https:\/\/geomag-dz.com\/en\/portfolio\/travaux-de-confortement-et-rehabilitation-du-barrage-de-cheurfa-ii-w-mascara\/\">Travaux de confortement et r\u00e9habilitation<\/a><\/div>\n                    <div class=\"elementor-featured-box-description\">Travaux de confortement et r\u00e9habilitation du barrage de Cheurfa II W. Mascara<\/div>\n\n                <\/div>\n            <\/div>\n        \n        \n        \n                            <\/div>\n                            <\/div>\n        <\/div>\n        \t\t<\/div>\n\t\t\t\t<\/div>\n\t\t\t\t<div class=\"elementor-element elementor-element-77dc2c4 elementor-widget elementor-widget-opal-featured-box\" data-id=\"77dc2c4\" data-element_type=\"widget\" data-settings=\"{&quot;columns&quot;:&quot;2&quot;,&quot;columns_tablet&quot;:&quot;2&quot;,&quot;columns_mobile&quot;:&quot;1&quot;}\" data-widget_type=\"opal-featured-box.default\">\n\t\t\t\t<div class=\"elementor-widget-container\">\n\t\t\t        <div class=\"elementor-featured-box-wrapper layout_3\">\n            <div class=\"row owl-carousel owl-theme\" data-settings=\"{&quot;navigation&quot;:&quot;dots&quot;,&quot;autoplayHoverPause&quot;:&quot;true&quot;,&quot;autoplay&quot;:&quot;false&quot;,&quot;autoplayTimeout&quot;:null,&quot;items&quot;:&quot;2&quot;,&quot;items_tablet&quot;:&quot;2&quot;,&quot;items_mobile&quot;:&quot;1&quot;,&quot;loop&quot;:&quot;true&quot;}\">\n                                    <div class=\"elementor-featured-box-item column-item\">\n                                \n        \n                    <div class=\"elementor-featured-box-meta-inner\">\n                <div class=\"elementor-featured-box-image\">\n                    <img decoding=\"async\" src=\"https:\/\/geomag-dz.com\/wp-content\/uploads\/2022\/04\/Sans-titre-2022-04-28T113739.191.png\" title=\"Sans titre &#8211; 2022-04-28T113739.191\" alt=\"Sans titre - 2022-04-28T113739.191\" loading=\"lazy\" \/>                <\/div>\n                <div class=\"elementor-featured-box-content\">\n                                        <div class=\"elementor-featured-box-name\"><a href=\"https:\/\/geomag-dz.com\/en\/portfolio\/great-museum\/\">Transfert d\u2019eau Oued Djer W.Blida<\/a><\/div>\n                    <div class=\"elementor-featured-box-description\">Mise en place de la conduite de refoulement y compris la r\u00e9alisation des massifs de but\u00e9e sur fondations sp\u00e9ciales <\/div>\n\n                <\/div>\n            <\/div>\n        \n        \n        \n                            <\/div>\n                                    <div class=\"elementor-featured-box-item column-item\">\n                                \n        \n                    <div class=\"elementor-featured-box-meta-inner\">\n                <div class=\"elementor-featured-box-image\">\n                    <img decoding=\"async\" src=\"https:\/\/geomag-dz.com\/wp-content\/uploads\/2022\/04\/Sans-titre-2022-04-28T122845.600.png\" title=\"Sans titre &#8211; 2022-04-28T122845.600\" alt=\"Sans titre - 2022-04-28T122845.600\" loading=\"lazy\" \/>                <\/div>\n                <div class=\"elementor-featured-box-content\">\n                                        <div class=\"elementor-featured-box-name\"><a href=\"https:\/\/geomag-dz.com\/en\/portfolio\/confortement-de-la-zone-instable-de-lhopital-protection-civile-cem-ben-aissa-et-route-tafrest-a-azeffoun\/\">Confortement de la zone instable<\/a><\/div>\n                    <div class=\"elementor-featured-box-description\">Confortement de la zone instable de l\u2019h\u00f4pital, Protection civile, CEM Ben Aissa et route Tafrest \u00e0 Azeffoun<\/div>\n\n                <\/div>\n            <\/div>\n        \n        \n        \n                            <\/div>\n                                    <div class=\"elementor-featured-box-item column-item\">\n                                \n        \n                    <div class=\"elementor-featured-box-meta-inner\">\n                <div class=\"elementor-featured-box-image\">\n                    <img decoding=\"async\" src=\"https:\/\/geomag-dz.com\/wp-content\/uploads\/2022\/04\/Sans-titre-2022-04-28T140749.889.png\" title=\"Sans titre &#8211; 2022-04-28T140749.889\" alt=\"Sans titre - 2022-04-28T140749.889\" loading=\"lazy\" \/>                <\/div>\n                <div class=\"elementor-featured-box-content\">\n                                        <div class=\"elementor-featured-box-name\"><a href=\"https:\/\/geomag-dz.com\/en\/portfolio\/https-guiddini-com-geo-portfolio-achevement-de-la-realisation-de-confortement-des-zones-instables-du-nord-ouest-et-du-nord-est-de-la-ville-de-tigzirt\/\">Ach\u00e8vement de la r\u00e9alisation de confortement des zones instables<\/a><\/div>\n                    <div class=\"elementor-featured-box-description\">Ach\u00e8vement de la r\u00e9alisation de confortement des zones instables du Nord-Ouest et du Nord-Est de la ville de Tigzirt <\/div>\n\n                <\/div>\n            <\/div>\n        \n        \n        \n                            <\/div>\n                            <\/div>\n        <\/div>\n        \t\t<\/div>\n\t\t\t\t<\/div>\n\t\t\t\t<div class=\"elementor-element elementor-element-e8c6694 elementor-align-center animated-fast elementor-invisible elementor-widget elementor-widget-heading\" data-id=\"e8c6694\" data-element_type=\"widget\" data-settings=\"{&quot;_animation&quot;:&quot;opal-move-up&quot;}\" data-widget_type=\"heading.default\">\n\t\t\t\t<div class=\"elementor-widget-container\">\n\t\t\t<span class=\"sub-title\">Nos projects<\/span><h2 class=\"elementor-heading-title elementor-size-default\">Derniers projets GEOENV<\/h2>\t\t<\/div>\n\t\t\t\t<\/div>\n\t\t\t\t<div class=\"elementor-element elementor-element-39e4d68 elementor-widget elementor-widget-opal-featured-box\" data-id=\"39e4d68\" data-element_type=\"widget\" data-settings=\"{&quot;columns&quot;:&quot;2&quot;,&quot;columns_tablet&quot;:&quot;2&quot;,&quot;columns_mobile&quot;:&quot;1&quot;}\" data-widget_type=\"opal-featured-box.default\">\n\t\t\t\t<div class=\"elementor-widget-container\">\n\t\t\t        <div class=\"elementor-featured-box-wrapper layout_3\">\n            <div class=\"row owl-carousel owl-theme\" data-settings=\"{&quot;navigation&quot;:&quot;dots&quot;,&quot;autoplayHoverPause&quot;:&quot;true&quot;,&quot;autoplay&quot;:&quot;false&quot;,&quot;autoplayTimeout&quot;:null,&quot;items&quot;:&quot;2&quot;,&quot;items_tablet&quot;:&quot;2&quot;,&quot;items_mobile&quot;:&quot;1&quot;,&quot;loop&quot;:&quot;true&quot;}\">\n                                    <div class=\"elementor-featured-box-item column-item\">\n                                \n        \n                    <div class=\"elementor-featured-box-meta-inner\">\n                <div class=\"elementor-featured-box-image\">\n                    <img decoding=\"async\" src=\"https:\/\/geomag-dz.com\/wp-content\/uploads\/2022\/05\/Geo-Mag-Masara-182-scaled.jpg\" title=\"Geo Mag Masara (182)\" alt=\"Geo Mag Masara (182)\" loading=\"lazy\" \/>                <\/div>\n                <div class=\"elementor-featured-box-content\">\n                                        <div class=\"elementor-featured-box-name\"><a href=\"#\">Projet de r\u00e9alisation en EPC  d'une base vie TFT IN AMENAS<\/a><\/div>\n                    <div class=\"elementor-featured-box-description\">Projet de r\u00e9alisation en EPC  d'une base vie TFT IN AMENAS \/ Fourniture, pose et mise en service d\u2019une station d'\u00e9puration : Client GCB Groupe SONATRACH \n<\/div>\n\n                <\/div>\n            <\/div>\n        \n        \n        \n                            <\/div>\n                                    <div class=\"elementor-featured-box-item column-item\">\n                                \n        \n                    <div class=\"elementor-featured-box-meta-inner\">\n                <div class=\"elementor-featured-box-image\">\n                    <img decoding=\"async\" src=\"https:\/\/geomag-dz.com\/wp-content\/uploads\/2022\/05\/Geo-Mag-Masara-182-scaled.jpg\" title=\"Geo Mag Masara (182)\" alt=\"Geo Mag Masara (182)\" loading=\"lazy\" \/>                <\/div>\n                <div class=\"elementor-featured-box-content\">\n                                        <div class=\"elementor-featured-box-name\"><a href=\"#\">FOURNITURE  POMPES ET ACCESSOIRES <\/a><\/div>\n                    <div class=\"elementor-featured-box-description\">mise en service d\u2019une station d'\u00e9puration : Client GCB Groupe SONATRACH \nFOURNITURE  POMPES ET ACCESSOIRES : ETTERKIB Groupe SONALGAZ \n<\/div>\n\n                <\/div>\n            <\/div>\n        \n        \n        \n                            <\/div>\n                                    <div class=\"elementor-featured-box-item column-item\">\n                                \n        \n                    <div class=\"elementor-featured-box-meta-inner\">\n                <div class=\"elementor-featured-box-image\">\n                    <img decoding=\"async\" src=\"https:\/\/geomag-dz.com\/wp-content\/uploads\/2022\/05\/Geo-Mag-Masara-182-scaled.jpg\" title=\"Geo Mag Masara (182)\" alt=\"Geo Mag Masara (182)\" loading=\"lazy\" \/>                <\/div>\n                <div class=\"elementor-featured-box-content\">\n                                        <div class=\"elementor-featured-box-name\"><a href=\"#\">Station POTABILISATION OUED SAF SAF TEBESA<\/a><\/div>\n                    <div class=\"elementor-featured-box-description\">Station POTABILISATION OUED SAF SAF TEBESA : Client GCB Groupe SONATRACH \n<\/div>\n\n                <\/div>\n            <\/div>\n        \n        \n        \n                            <\/div>\n                                    <div class=\"elementor-featured-box-item column-item\">\n                                \n        \n                    <div class=\"elementor-featured-box-meta-inner\">\n                <div class=\"elementor-featured-box-image\">\n                    <img decoding=\"async\" src=\"https:\/\/geomag-dz.com\/wp-content\/uploads\/2022\/05\/Geo-Mag-Masara-182-scaled.jpg\" title=\"Geo Mag Masara (182)\" alt=\"Geo Mag Masara (182)\" loading=\"lazy\" \/>                <\/div>\n                <div class=\"elementor-featured-box-content\">\n                                        <div class=\"elementor-featured-box-name\"><a href=\"#\">Station POTABILISATION OUED SAF SAF TEBESA<\/a><\/div>\n                    <div class=\"elementor-featured-box-description\">Station  EPURATION OUED SAF SAF TEBESA : Client GCB Groupe SONATRACH\n<\/div>\n\n                <\/div>\n            <\/div>\n        \n        \n        \n                            <\/div>\n                                    <div class=\"elementor-featured-box-item column-item\">\n                                \n        \n                    <div class=\"elementor-featured-box-meta-inner\">\n                <div class=\"elementor-featured-box-image\">\n                    <img decoding=\"async\" src=\"https:\/\/geomag-dz.com\/wp-content\/uploads\/2022\/05\/Geo-Mag-Masara-179-scaled.jpg\" title=\"Geo Mag Masara (179)\" alt=\"Geo Mag Masara (179)\" loading=\"lazy\" \/>                <\/div>\n                <div class=\"elementor-featured-box-content\">\n                                        <div class=\"elementor-featured-box-name\"><a href=\"#\">Fourniture, pose et mise en service d\u2019une station d'\u00e9puration <\/a><\/div>\n                    <div class=\"elementor-featured-box-description\">Fourniture, pose et mise en service d\u2019une station d'\u00e9puration pour le complexe touristique SIAHA Skikda : Client RUSSIKA PARK \n<\/div>\n\n                <\/div>\n            <\/div>\n        \n        \n        \n                            <\/div>\n                                    <div class=\"elementor-featured-box-item column-item\">\n                                \n        \n                    <div class=\"elementor-featured-box-meta-inner\">\n                <div class=\"elementor-featured-box-image\">\n                    <img decoding=\"async\" src=\"https:\/\/geomag-dz.com\/wp-content\/uploads\/2022\/05\/Geo-Mag-Masara-179-scaled.jpg\" title=\"Geo Mag Masara (179)\" alt=\"Geo Mag Masara (179)\" loading=\"lazy\" \/>                <\/div>\n                <div class=\"elementor-featured-box-content\">\n                                        <div class=\"elementor-featured-box-name\"><a href=\"#\">Fourniture, pose et mise en service d\u2019une station d'\u00e9puration<\/a><\/div>\n                    <div class=\"elementor-featured-box-description\">Fourniture, pose et mise en service d\u2019une station d'\u00e9puration pour l\u2019usine de production de tomate \u00e0 Batna : Client LALLA SALHA \n<\/div>\n\n                <\/div>\n            <\/div>\n        \n        \n        \n                            <\/div>\n                            <\/div>\n        <\/div>\n        \t\t<\/div>\n\t\t\t\t<\/div>\n\t\t\t\t\t<\/div>\n\t\t<\/div>\n\t\t\t\t\t\t\t<\/div>\n\t\t<\/section>\n\t\t\t\t<section class=\"elementor-section elementor-top-section elementor-element elementor-element-647c902 elementor-section-stretched osf-vertical-line-active elementor-section-boxed elementor-section-height-default elementor-section-height-default\" data-id=\"647c902\" data-element_type=\"section\" data-settings=\"{&quot;stretch_section&quot;:&quot;section-stretched&quot;,&quot;background_background&quot;:&quot;classic&quot;,&quot;osf_section_vertical_line_switcher&quot;:&quot;active&quot;,&quot;_ha_eqh_enable&quot;:false}\">\n\t\t\t\t\t\t<div class=\"elementor-container elementor-column-gap-no\">\n\t\t\t\t\t<div class=\"elementor-column elementor-col-100 elementor-top-column elementor-element elementor-element-0cbfe22\" data-id=\"0cbfe22\" data-element_type=\"column\">\n\t\t\t<div class=\"elementor-widget-wrap elementor-element-populated\">\n\t\t\t\t\t\t\t\t<div class=\"elementor-element elementor-element-5bd4946 elementor-align-center animated-fast elementor-invisible elementor-widget elementor-widget-heading\" data-id=\"5bd4946\" data-element_type=\"widget\" data-settings=\"{&quot;_animation&quot;:&quot;opal-move-up&quot;}\" data-widget_type=\"heading.default\">\n\t\t\t\t<div class=\"elementor-widget-container\">\n\t\t\t<h2 class=\"elementor-heading-title elementor-size-default\">Leader en Alg\u00e9rie<\/h2>\t\t<\/div>\n\t\t\t\t<\/div>\n\t\t\t\t<div class=\"elementor-element elementor-element-59502c1 elementor-align-center animated-fast elementor-invisible elementor-widget elementor-widget-heading\" data-id=\"59502c1\" data-element_type=\"widget\" data-settings=\"{&quot;_animation&quot;:&quot;opal-move-up&quot;}\" data-widget_type=\"heading.default\">\n\t\t\t\t<div class=\"elementor-widget-container\">\n\t\t\t<h2 class=\"elementor-heading-title elementor-size-default\">GEOMAG est titulaire de la cat\u00e9gorie VIII<br>\nTravaux Publics et Hydrauliques<\/h2>\t\t<\/div>\n\t\t\t\t<\/div>\n\t\t\t\t<div class=\"elementor-element elementor-element-610154c elementor-align-center animated-fast elementor-button-primary elementor-invisible elementor-widget elementor-widget-button\" data-id=\"610154c\" data-element_type=\"widget\" data-settings=\"{&quot;_animation&quot;:&quot;opal-move-up&quot;}\" data-widget_type=\"button.default\">\n\t\t\t\t<div class=\"elementor-widget-container\">\n\t\t\t        <div class=\"elementor-button-wrapper\">\n            <a href=\"https:\/\/geomag-dz.com\/en\/contact\/\" class=\"elementor-button-link elementor-button elementor-size-md\" role=\"button\">\n                \t\t<span class=\"elementor-button-content-wrapper\">\n\t\t\t\t\t\t<span class=\"elementor-button-icon elementor-align-icon-right\">\n\t\t\t\t\t\t\t\t\t<i class=\"opal-icon-long-arrow-right\" aria-hidden=\"true\"><\/i>\n\t\t\t\t\t\t\t<\/span>\n\t\t\t\t\t\t<span class=\"elementor-button-text\">Contactez nous<\/span>\n\t\t<\/span>\n\t\t            <\/a>\n        <\/div>\n        \t\t<\/div>\n\t\t\t\t<\/div>\n\t\t\t\t\t<\/div>\n\t\t<\/div>\n\t\t\t\t\t\t\t<\/div>\n\t\t<\/section>\n\t\t\t\t\t\t\t<\/div>","protected":false},"excerpt":{"rendered":"<p>Nos projects Derniers projets GEOMAG Confortement des fondations Confortement des fondations du bac T02-B dans la zone industrielle d\u2019Arzew Travaux Pr\u00e9paratoire Travaux Pr\u00e9paratoire \/ Ensemble de Bureaux Bab Ezzouar \u2013 Alger R\u00e9alisation des Travaux de Forage et Injection R\u00e9alisation des Travaux de Forage et Injection du Barrage de Souk Nleta W, Tizi Ouzou Travaux de &hellip; <\/p>\n<p class=\"link-more\"><a href=\"https:\/\/geomag-dz.com\/en\/nos-projets\/\" class=\"more-link\">Read More <i class=\"opal-icon-long-arrow-right\"><\/i><span class=\"screen-reader-text\"> \u00ab\u00a0Nos projets\u00a0\u00bb<\/span><\/a><\/p>","protected":false},"author":1,"featured_media":0,"parent":0,"menu_order":0,"comment_status":"closed","ping_status":"closed","template":"","meta":{"footnotes":""},"class_list":["post-7081","page","type-page","status-publish","hentry"],"_links":{"self":[{"href":"https:\/\/geomag-dz.com\/en\/wp-json\/wp\/v2\/pages\/7081","targetHints":{"allow":["GET"]}}],"collection":[{"href":"https:\/\/geomag-dz.com\/en\/wp-json\/wp\/v2\/pages"}],"about":[{"href":"https:\/\/geomag-dz.com\/en\/wp-json\/wp\/v2\/types\/page"}],"author":[{"embeddable":true,"href":"https:\/\/geomag-dz.com\/en\/wp-json\/wp\/v2\/users\/1"}],"replies":[{"embeddable":true,"href":"https:\/\/geomag-dz.com\/en\/wp-json\/wp\/v2\/comments?post=7081"}],"version-history":[{"count":12,"href":"https:\/\/geomag-dz.com\/en\/wp-json\/wp\/v2\/pages\/7081\/revisions"}],"predecessor-version":[{"id":7201,"href":"https:\/\/geomag-dz.com\/en\/wp-json\/wp\/v2\/pages\/7081\/revisions\/7201"}],"wp:attachment":[{"href":"https:\/\/geomag-dz.com\/en\/wp-json\/wp\/v2\/media?parent=7081"}],"curies":[{"name":"wp","href":"https:\/\/api.w.org\/{rel}","templated":true}]}}